{"id":9627,"date":"2025-02-14T10:52:16","date_gmt":"2025-02-14T10:52:16","guid":{"rendered":"https:\/\/www.mascaners.com\/?page_id=9627"},"modified":"2025-03-26T15:39:44","modified_gmt":"2025-03-26T15:39:44","slug":"mentions-legales","status":"publish","type":"page","link":"https:\/\/www.mascaners.com\/en\/mentions-legales\/","title":{"rendered":"MENTIONS L\u00c9GALES\u200b"},"content":{"rendered":"<div data-elementor-type=\"wp-page\" data-elementor-id=\"9627\" class=\"elementor elementor-9627\" data-elementor-post-type=\"page\">\n\t\t\t\t<div class=\"elementor-element elementor-element-ee19fcb e-flex e-con-boxed e-con e-parent\" data-id=\"ee19fcb\" data-element_type=\"container\">\n\t\t\t\t\t<div class=\"e-con-inner\">\n\t\t\t\t<div class=\"elementor-element elementor-element-fcccfb9 elementor-widget elementor-widget-image\" data-id=\"fcccfb9\" data-element_type=\"widget\" data-widget_type=\"image.default\">\n\t\t\t\t<div class=\"elementor-widget-container\">\n\t\t\t\t\t\t\t\t\t\t\t\t\t\t\t<img fetchpriority=\"high\" decoding=\"async\" width=\"340\" height=\"387\" src=\"https:\/\/www.mascaners.com\/wp-content\/uploads\/2025\/01\/Logo-Red-02.svg\" class=\"attachment-large size-large wp-image-11044\" alt=\"\" \/>\t\t\t\t\t\t\t\t\t\t\t\t\t\t\t<\/div>\n\t\t\t\t<\/div>\n\t\t\t\t<div class=\"elementor-element elementor-element-73303e8 elementor-widget elementor-widget-heading\" data-id=\"73303e8\" data-element_type=\"widget\" data-widget_type=\"heading.default\">\n\t\t\t\t<div class=\"elementor-widget-container\">\n\t\t\t\t\t<h2 class=\"elementor-heading-title elementor-size-default\">LEGAL INFORMATION<\/h2>\t\t\t\t<\/div>\n\t\t\t\t<\/div>\n\t\t\t\t<div class=\"elementor-element elementor-element-f08848a elementor-widget elementor-widget-text-editor\" data-id=\"f08848a\" data-element_type=\"widget\" data-widget_type=\"text-editor.default\">\n\t\t\t\t<div class=\"elementor-widget-container\">\n\t\t\t\t\t\t\t\t\t<p><span style=\"font-weight: 400;\">In accordance with the provisions of Law N\u00b0  2004-575 of June 21, 2004, on Confidence in the Digital Economy, the identity of the various parties involved in the creation and monitoring of the MAS CANERS website is specified below.<\/span><\/p><h3 style=\"font-size: 24px !important;\"><b>Website Publisher\u00a0<\/b><\/h3><p><span style=\"font-weight: 400;\">The website, accessible at the URL mascaners.com, is published by : <a href=\"https:\/\/www.agence-kori.fr\/\">https:\/\/www.agence-kori.fr\/<\/a><\/span><\/p><p><i><\/i><span style=\"font-weight: 400;\">MAS CANERS, a company with a capital of \u20ac5,000, registered with the Perpignan Trade and Companies Register under number Perpignan B 978768851, with its registered office at LOUS CANES, 66110 MONTBOLO, France, represented by Patrick WILLOCQ, duly authorized.<\/span><\/p><p><span style=\"font-weight: 400;\">The publisher\u2019s VAT number is: FR68978768851.<\/span><\/p><h3 style=\"font-size: 24px !important;\"><b>Hosting<\/b><\/h3><p><span style=\"font-weight: 400;\">The website is hosted by Infomaniak, located at Rue Eug\u00e8ne-Marziano 25, 1227 Geneva, Switzerland, (phone or email contact: (+41) 22 820 35 44).<\/span><\/p><h3 style=\"font-size: 24px !important;\"><b>Publication Director\u00a0<\/b><\/h3><p><span style=\"font-weight: 400;\">The Publication Director of the website is Patrick WILLOCQ.<\/span><\/p><h3 style=\"font-size: 24px !important;\"><b>Contact Us\u00a0<\/b><\/h3><p><span style=\"font-weight: 400;\">Par t\u00e9l\u00e9phone : +33 (0)767507045<\/span><\/p><p><span style=\"font-weight: 400;\">By email: hello@mascaners.com<\/span><\/p><p><span style=\"font-weight: 400;\">By mail: LOUS CANES, 66110 MONTBOLO, France<\/span><\/p><h3 style=\"font-size: 24px !important;\"><b>Personal Data<\/b><\/h3><p><span style=\"font-weight: 400;\">The processing of your personal data is governed by our Privacy Policy, in accordance with the General Data Protection Regulation (GDPR) 2016\/679 of April 27, 2016.<\/span><\/p>\t\t\t\t\t\t\t\t<\/div>\n\t\t\t\t<\/div>\n\t\t\t\t\t<\/div>\n\t\t\t\t<\/div>\n\t\t\t\t<\/div>","protected":false},"excerpt":{"rendered":"<p>MENTIONS L\u00c9GALES Conform\u00e9ment aux dispositions de la loi n\u00b0 2004-575 du 21 juin 2004 pour la confiance en l&rsquo;\u00e9conomie num\u00e9rique, il est pr\u00e9cis\u00e9 aux utilisateurs du site MAS CANERS l&rsquo;identit\u00e9 des diff\u00e9rents intervenants dans le cadre de sa r\u00e9alisation et de son suivi. Edition du site\u00a0 Le pr\u00e9sent site, accessible \u00e0 l\u2019URL mascaners.com, est \u00e9dit\u00e9 [&hellip;]<\/p>","protected":false},"author":1,"featured_media":0,"parent":0,"menu_order":0,"comment_status":"closed","ping_status":"closed","template":"","meta":{"_acf_changed":false,"footnotes":""},"class_list":["post-9627","page","type-page","status-publish","hentry","post-no-thumbnail"],"acf":[],"yoast_head":"<!-- This site is optimized with the Yoast SEO plugin v26.8 - https:\/\/yoast.com\/product\/yoast-seo-wordpress\/ -->\n<title>MENTIONS L\u00c9GALES\u200b - Mas Caners<\/title>\n<meta name=\"robots\" content=\"index, follow, max-snippet:-1, max-image-preview:large, max-video-preview:-1\" \/>\n<link rel=\"canonical\" href=\"https:\/\/www.mascaners.com\/en\/mentions-legales\/\" \/>\n<meta property=\"og:locale\" content=\"en_GB\" \/>\n<meta property=\"og:type\" content=\"article\" \/>\n<meta property=\"og:title\" content=\"MENTIONS L\u00c9GALES\u200b - Mas Caners\" \/>\n<meta property=\"og:description\" content=\"MENTIONS L\u00c9GALES Conform\u00e9ment aux dispositions de la loi n\u00b0 2004-575 du 21 juin 2004 pour la confiance en l&rsquo;\u00e9conomie num\u00e9rique, il est pr\u00e9cis\u00e9 aux utilisateurs du site MAS CANERS l&rsquo;identit\u00e9 des diff\u00e9rents intervenants dans le cadre de sa r\u00e9alisation et de son suivi. Edition du site\u00a0 Le pr\u00e9sent site, accessible \u00e0 l\u2019URL mascaners.com, est \u00e9dit\u00e9 [&hellip;]\" \/>\n<meta property=\"og:url\" content=\"https:\/\/www.mascaners.com\/en\/mentions-legales\/\" \/>\n<meta property=\"og:site_name\" content=\"Mas Caners\" \/>\n<meta property=\"article:modified_time\" content=\"2025-03-26T15:39:44+00:00\" \/>\n<meta name=\"twitter:card\" content=\"summary_large_image\" \/>\n<meta name=\"twitter:label1\" content=\"Estimated reading time\" \/>\n\t<meta name=\"twitter:data1\" content=\"2 minutes\" \/>\n<script type=\"application\/ld+json\" class=\"yoast-schema-graph\">{\"@context\":\"https:\/\/schema.org\",\"@graph\":[{\"@type\":\"WebPage\",\"@id\":\"https:\/\/www.mascaners.com\/mentions-legales\/\",\"url\":\"https:\/\/www.mascaners.com\/mentions-legales\/\",\"name\":\"MENTIONS L\u00c9GALES\u200b - Mas Caners\",\"isPartOf\":{\"@id\":\"https:\/\/www.mascaners.com\/#website\"},\"primaryImageOfPage\":{\"@id\":\"https:\/\/www.mascaners.com\/mentions-legales\/#primaryimage\"},\"image\":{\"@id\":\"https:\/\/www.mascaners.com\/mentions-legales\/#primaryimage\"},\"thumbnailUrl\":\"https:\/\/www.mascaners.com\/wp-content\/uploads\/2025\/03\/Group-1.svg\",\"datePublished\":\"2025-02-14T10:52:16+00:00\",\"dateModified\":\"2025-03-26T15:39:44+00:00\",\"breadcrumb\":{\"@id\":\"https:\/\/www.mascaners.com\/mentions-legales\/#breadcrumb\"},\"inLanguage\":\"en-GB\",\"potentialAction\":[{\"@type\":\"ReadAction\",\"target\":[\"https:\/\/www.mascaners.com\/mentions-legales\/\"]}]},{\"@type\":\"ImageObject\",\"inLanguage\":\"en-GB\",\"@id\":\"https:\/\/www.mascaners.com\/mentions-legales\/#primaryimage\",\"url\":\"https:\/\/www.mascaners.com\/wp-content\/uploads\/2025\/03\/Group-1.svg\",\"contentUrl\":\"https:\/\/www.mascaners.com\/wp-content\/uploads\/2025\/03\/Group-1.svg\"},{\"@type\":\"BreadcrumbList\",\"@id\":\"https:\/\/www.mascaners.com\/mentions-legales\/#breadcrumb\",\"itemListElement\":[{\"@type\":\"ListItem\",\"position\":1,\"name\":\"Accueil\",\"item\":\"https:\/\/www.mascaners.com\/\"},{\"@type\":\"ListItem\",\"position\":2,\"name\":\"MENTIONS L\u00c9GALES\u200b\"}]},{\"@type\":\"WebSite\",\"@id\":\"https:\/\/www.mascaners.com\/#website\",\"url\":\"https:\/\/www.mascaners.com\/\",\"name\":\"Mas Caners\",\"description\":\"\",\"publisher\":{\"@id\":\"https:\/\/www.mascaners.com\/#organization\"},\"potentialAction\":[{\"@type\":\"SearchAction\",\"target\":{\"@type\":\"EntryPoint\",\"urlTemplate\":\"https:\/\/www.mascaners.com\/?s={search_term_string}\"},\"query-input\":{\"@type\":\"PropertyValueSpecification\",\"valueRequired\":true,\"valueName\":\"search_term_string\"}}],\"inLanguage\":\"en-GB\"},{\"@type\":\"Organization\",\"@id\":\"https:\/\/www.mascaners.com\/#organization\",\"name\":\"Mas Caners\",\"url\":\"https:\/\/www.mascaners.com\/\",\"logo\":{\"@type\":\"ImageObject\",\"inLanguage\":\"en-GB\",\"@id\":\"https:\/\/www.mascaners.com\/#\/schema\/logo\/image\/\",\"url\":\"https:\/\/www.mascaners.com\/wp-content\/uploads\/2025\/01\/Logo-Red-06.svg\",\"contentUrl\":\"https:\/\/www.mascaners.com\/wp-content\/uploads\/2025\/01\/Logo-Red-06.svg\",\"width\":478,\"height\":351,\"caption\":\"Mas Caners\"},\"image\":{\"@id\":\"https:\/\/www.mascaners.com\/#\/schema\/logo\/image\/\"}}]}<\/script>\n<!-- \/ Yoast SEO plugin. -->","yoast_head_json":{"title":"MENTIONS L\u00c9GALES\u200b - Mas Caners","robots":{"index":"index","follow":"follow","max-snippet":"max-snippet:-1","max-image-preview":"max-image-preview:large","max-video-preview":"max-video-preview:-1"},"canonical":"https:\/\/www.mascaners.com\/en\/mentions-legales\/","og_locale":"en_GB","og_type":"article","og_title":"MENTIONS L\u00c9GALES\u200b - Mas Caners","og_description":"MENTIONS L\u00c9GALES Conform\u00e9ment aux dispositions de la loi n\u00b0 2004-575 du 21 juin 2004 pour la confiance en l&rsquo;\u00e9conomie num\u00e9rique, il est pr\u00e9cis\u00e9 aux utilisateurs du site MAS CANERS l&rsquo;identit\u00e9 des diff\u00e9rents intervenants dans le cadre de sa r\u00e9alisation et de son suivi. Edition du site\u00a0 Le pr\u00e9sent site, accessible \u00e0 l\u2019URL mascaners.com, est \u00e9dit\u00e9 [&hellip;]","og_url":"https:\/\/www.mascaners.com\/en\/mentions-legales\/","og_site_name":"Mas Caners","article_modified_time":"2025-03-26T15:39:44+00:00","twitter_card":"summary_large_image","twitter_misc":{"Estimated reading time":"2 minutes"},"schema":{"@context":"https:\/\/schema.org","@graph":[{"@type":"WebPage","@id":"https:\/\/www.mascaners.com\/mentions-legales\/","url":"https:\/\/www.mascaners.com\/mentions-legales\/","name":"MENTIONS L\u00c9GALES\u200b - Mas Caners","isPartOf":{"@id":"https:\/\/www.mascaners.com\/#website"},"primaryImageOfPage":{"@id":"https:\/\/www.mascaners.com\/mentions-legales\/#primaryimage"},"image":{"@id":"https:\/\/www.mascaners.com\/mentions-legales\/#primaryimage"},"thumbnailUrl":"https:\/\/www.mascaners.com\/wp-content\/uploads\/2025\/03\/Group-1.svg","datePublished":"2025-02-14T10:52:16+00:00","dateModified":"2025-03-26T15:39:44+00:00","breadcrumb":{"@id":"https:\/\/www.mascaners.com\/mentions-legales\/#breadcrumb"},"inLanguage":"en-GB","potentialAction":[{"@type":"ReadAction","target":["https:\/\/www.mascaners.com\/mentions-legales\/"]}]},{"@type":"ImageObject","inLanguage":"en-GB","@id":"https:\/\/www.mascaners.com\/mentions-legales\/#primaryimage","url":"https:\/\/www.mascaners.com\/wp-content\/uploads\/2025\/03\/Group-1.svg","contentUrl":"https:\/\/www.mascaners.com\/wp-content\/uploads\/2025\/03\/Group-1.svg"},{"@type":"BreadcrumbList","@id":"https:\/\/www.mascaners.com\/mentions-legales\/#breadcrumb","itemListElement":[{"@type":"ListItem","position":1,"name":"Accueil","item":"https:\/\/www.mascaners.com\/"},{"@type":"ListItem","position":2,"name":"MENTIONS L\u00c9GALES\u200b"}]},{"@type":"WebSite","@id":"https:\/\/www.mascaners.com\/#website","url":"https:\/\/www.mascaners.com\/","name":"Mas Caners","description":"","publisher":{"@id":"https:\/\/www.mascaners.com\/#organization"},"potentialAction":[{"@type":"SearchAction","target":{"@type":"EntryPoint","urlTemplate":"https:\/\/www.mascaners.com\/?s={search_term_string}"},"query-input":{"@type":"PropertyValueSpecification","valueRequired":true,"valueName":"search_term_string"}}],"inLanguage":"en-GB"},{"@type":"Organization","@id":"https:\/\/www.mascaners.com\/#organization","name":"Mas Caners","url":"https:\/\/www.mascaners.com\/","logo":{"@type":"ImageObject","inLanguage":"en-GB","@id":"https:\/\/www.mascaners.com\/#\/schema\/logo\/image\/","url":"https:\/\/www.mascaners.com\/wp-content\/uploads\/2025\/01\/Logo-Red-06.svg","contentUrl":"https:\/\/www.mascaners.com\/wp-content\/uploads\/2025\/01\/Logo-Red-06.svg","width":478,"height":351,"caption":"Mas Caners"},"image":{"@id":"https:\/\/www.mascaners.com\/#\/schema\/logo\/image\/"}}]}},"_links":{"self":[{"href":"https:\/\/www.mascaners.com\/en\/wp-json\/wp\/v2\/pages\/9627","targetHints":{"allow":["GET"]}}],"collection":[{"href":"https:\/\/www.mascaners.com\/en\/wp-json\/wp\/v2\/pages"}],"about":[{"href":"https:\/\/www.mascaners.com\/en\/wp-json\/wp\/v2\/types\/page"}],"author":[{"embeddable":true,"href":"https:\/\/www.mascaners.com\/en\/wp-json\/wp\/v2\/users\/1"}],"replies":[{"embeddable":true,"href":"https:\/\/www.mascaners.com\/en\/wp-json\/wp\/v2\/comments?post=9627"}],"version-history":[{"count":0,"href":"https:\/\/www.mascaners.com\/en\/wp-json\/wp\/v2\/pages\/9627\/revisions"}],"wp:attachment":[{"href":"https:\/\/www.mascaners.com\/en\/wp-json\/wp\/v2\/media?parent=9627"}],"curies":[{"name":"wp","href":"https:\/\/api.w.org\/{rel}","templated":true}]}}